{"id":3931,"date":"2021-03-31T12:39:34","date_gmt":"2021-03-31T12:39:34","guid":{"rendered":"https:\/\/dolphinblue.co.uk\/mannschaft\/"},"modified":"2023-10-11T11:40:22","modified_gmt":"2023-10-11T11:40:22","slug":"team","status":"publish","type":"page","link":"https:\/\/dolphinblue.co.uk\/de\/team\/","title":{"rendered":"team"},"content":{"rendered":"<p>[et_pb_section fb_built=&#8220;1&#8243; fullwidth=&#8220;on&#8220; disabled_on=&#8220;on|on|on&#8220; _builder_version=&#8220;4.16&#8243; _module_preset=&#8220;default&#8220; disabled=&#8220;on&#8220; locked=&#8220;off&#8220; global_colors_info=&#8220;{}&#8220;][et_pb_fullwidth_image src=&#8220;https:\/\/dolphinblue.co.uk\/wp-content\/uploads\/2020\/09\/dolphineblue-\u2013-Team_blank-scaled.jpg&#8220; title_text=&#8220;dolphineblue \u2013 Team_blank&#8220; _builder_version=&#8220;4.16&#8243; _module_preset=&#8220;default&#8220; global_colors_info=&#8220;{}&#8220;][\/et_pb_fullwidth_image][et_pb_fullwidth_header title=&#8220;team&#8220; title_tablet=&#8220;What we do&#8220; title_phone=&#8220;What we do&#8220; title_last_edited=&#8220;on|phone&#8220; _builder_version=&#8220;4.16&#8243; _module_preset=&#8220;default&#8220; title_font=&#8220;corbel|700|||||||&#8220; title_text_align=&#8220;left&#8220; title_font_size=&#8220;50px&#8220; content_text_align=&#8220;left&#8220; content_font_size=&#8220;28px&#8220; background_enable_color=&#8220;off&#8220; positioning=&#8220;absolute&#8220; position_origin_a=&#8220;bottom_center&#8220; width=&#8220;55%&#8220; width_tablet=&#8220;70%&#8220; width_phone=&#8220;&#8220; width_last_edited=&#8220;on|tablet&#8220; custom_padding=&#8220;0px||0px||true|false&#8220; title_font_size_tablet=&#8220;&#8220; title_font_size_phone=&#8220;35px&#8220; title_font_size_last_edited=&#8220;on|phone&#8220; content_font_tablet=&#8220;&#8220; content_font_phone=&#8220;&#8220; content_font_last_edited=&#8220;on|tablet&#8220; content_font_size_tablet=&#8220;23px&#8220; content_font_size_phone=&#8220;16px&#8220; content_font_size_last_edited=&#8220;on|phone&#8220; global_colors_info=&#8220;{}&#8220;]<\/p>\n<p style=\"text-align: right;\">viel herausforderung und viel unterst\u00fctzung<\/p>\n<p>[\/et_pb_fullwidth_header][\/et_pb_section][et_pb_section fb_built=&#8220;1&#8243; fullwidth=&#8220;on&#8220; disabled_on=&#8220;on|on|off&#8220; _builder_version=&#8220;4.16&#8243; _module_preset=&#8220;default&#8220; locked=&#8220;off&#8220; global_colors_info=&#8220;{}&#8220;][et_pb_fullwidth_image src=&#8220;https:\/\/dolphinblue.co.uk\/wp-content\/uploads\/2023\/06\/dolphinblue-\u2013-team_German-2560w-optimised.jpg&#8220; title_text=&#8220;dolphinblue \u2013 team_German 2560w optimised&#8220; _builder_version=&#8220;4.16&#8243; _module_preset=&#8220;default&#8220; global_colors_info=&#8220;{}&#8220;][\/et_pb_fullwidth_image][\/et_pb_section][et_pb_section fb_built=&#8220;1&#8243; fullwidth=&#8220;on&#8220; disabled_on=&#8220;off|off|on&#8220; module_class=&#8220;hidefromprinter&#8220; _builder_version=&#8220;4.16&#8243; _module_preset=&#8220;default&#8220; locked=&#8220;off&#8220; global_colors_info=&#8220;{}&#8220;][et_pb_fullwidth_image src=&#8220;https:\/\/dolphinblue.co.uk\/wp-content\/uploads\/2020\/10\/water-darkerbluer-340hx600w-copy.jpg&#8220; title_text=&#8220;phone-water-darker&#038;bluer-340hx400w&#8220; src_tablet=&#8220;&#8220; src_phone=&#8220;https:\/\/dolphinblue.co.uk\/wp-content\/uploads\/2020\/10\/phone-water-darkerbluer-340hx400w.jpg&#8220; src_last_edited=&#8220;on|phone&#8220; _builder_version=&#8220;4.16&#8243; _module_preset=&#8220;default&#8220; global_colors_info=&#8220;{}&#8220;][\/et_pb_fullwidth_image][et_pb_fullwidth_header title=&#8220;team&#8220; text_orientation=&#8220;right&#8220; title_tablet=&#8220;team&#8220; title_phone=&#8220;team&#8220; title_last_edited=&#8220;on|phone&#8220; content_tablet=&#8220;<\/p>\n<p>viel herausforderung und viel unterst\u00fctzung<\/p>\n<p>&#8220; content_phone=&#8220;&#8220; content_last_edited=&#8220;on|phone&#8220; disabled_on=&#8220;off|off|on&#8220; module_class=&#8220;hidefromprinter&#8220; _builder_version=&#8220;4.16&#8243; _module_preset=&#8220;default&#8220; title_font=&#8220;corbel|700|||||||&#8220; title_text_align=&#8220;right&#8220; title_font_size=&#8220;50px&#8220; content_text_align=&#8220;left&#8220; content_font_size=&#8220;20vw&#8220; background_enable_color=&#8220;off&#8220; positioning=&#8220;absolute&#8220; position_origin_a=&#8220;bottom_center&#8220; width=&#8220;55%&#8220; width_tablet=&#8220;95vw&#8220; width_phone=&#8220;&#8220; width_last_edited=&#8220;on|tablet&#8220; custom_margin=&#8220;||2vh||false|false&#8220; custom_padding=&#8220;0px||0px||true|false&#8220; title_font_tablet=&#8220;&#8220; title_font_phone=&#8220;&#8220; title_font_last_edited=&#8220;on|phone&#8220; title_font_size_tablet=&#8220;70px&#8220; title_font_size_phone=&#8220;35px&#8220; title_font_size_last_edited=&#8220;on|tablet&#8220; content_font_size_tablet=&#8220;4vw&#8220; content_font_size_phone=&#8220;20px&#8220; content_font_size_last_edited=&#8220;on|tablet&#8220; global_colors_info=&#8220;{}&#8220;]<\/p>\n<p style=\"text-align: right;\">viel herausforderung und viel unterst\u00fctzung<\/p>\n<p>[\/et_pb_fullwidth_header][\/et_pb_section][et_pb_section fb_built=&#8220;1&#8243; admin_label=&#8220;Section&#8220; _builder_version=&#8220;4.16&#8243; _module_preset=&#8220;default&#8220; custom_margin=&#8220;0px||0px||false|false&#8220; custom_padding=&#8220;0px||0px|0px|false|false&#8220; collapsed=&#8220;off&#8220; global_colors_info=&#8220;{}&#8220;][et_pb_row make_equal=&#8220;on&#8220; _builder_version=&#8220;4.16&#8243; _module_preset=&#8220;default&#8220; width=&#8220;75%&#8220; module_alignment=&#8220;center&#8220; custom_margin=&#8220;9px|238px||238px|false|true&#8220; custom_padding=&#8220;0px||0px||false|false&#8220; border_color_top=&#8220;#0C71C3&#8243; border_width_bottom=&#8220;3px&#8220; border_color_bottom=&#8220;#357fc2&#8243; locked=&#8220;off&#8220; global_colors_info=&#8220;{}&#8220;][et_pb_column type=&#8220;4_4&#8243; _builder_version=&#8220;4.16&#8243; _module_preset=&#8220;default&#8220; custom_padding=&#8220;15px||15px||false|false&#8220; border_color_all=&#8220;#bed633&#8243; border_color_top=&#8220;#7CDA24&#8243; border_color_bottom=&#8220;#357fc2&#8243; global_colors_info=&#8220;{}&#8220;][et_pb_text _builder_version=&#8220;4.16&#8243; _module_preset=&#8220;default&#8220; text_font=&#8220;calibri||||||||&#8220; text_font_size=&#8220;20px&#8220; header_font=&#8220;corbel|700|||||||&#8220; header_font_size=&#8220;40px&#8220; custom_padding=&#8220;||0px|||&#8220; locked=&#8220;off&#8220; global_colors_info=&#8220;{}&#8220;]<\/p>\n<h1>unsere erfahrung<\/h1>\n<p>Wir haben mit einer Vielzahl von Unternehmen aus vielen verschiedenen Branchen auf der ganzen Welt zusammengearbeitet.<span>  <\/span><\/p>\n<p>Die globale Reichweite hat es uns erm\u00f6glicht mit verschiedenen lokalen und regionalen Kulturen zu arbeiten und deren Einfluss auf die Dynamik in Organisationen zu verstehen.<\/p>\n<p>Durch unsere Arbeit in verschiedenen Sektoren &#8211; kommerziell, \u00f6ffentlich und gemeinn\u00fctzig \u2013 haben wir ein tiefes Verst\u00e4ndnis f\u00fcr unterschiedliche Priorit\u00e4ten in Organisationen entwickelt. Gleichzeitig erkennen wir Prinzipien, die die verschiedenen Bereiche gemeinsam haben.<\/p>\n<p>Wir haben die Entwicklung von Management- und F\u00fchrungskompetenzen auf allen Ebenen begleitet, von neuen F\u00fchrungskr\u00e4ften bis hin zu CEOs, und diese bei der Bew\u00e4ltigung diverser strategischer, funktionaler und operativer Themen unterst\u00fctzt.<\/p>\n<p>Unser Spezialgebiet ist die Ver\u00e4nderung von Verhalten und die Entwicklung von F\u00fchrungskompetenzen. Unsere umfassende Erfahrung in der Organisationsentwicklung erm\u00f6glicht es uns, Projekte in den Bereichen Unternehmenstransformation, Change-Management und Mitarbeiterengagement kompetent zu betreuen.<\/p>\n<p>In der Zusammenarbeit mit Klienten, die Unterst\u00fctzung bei der Gestaltung ihrer HR-\/ Personalentwicklungsstrategie gesucht haben, hat sich unsere Expertise in genau diesen Bereichen als wertvoll erwiesen, indem wir frisches Denken und Ideen, basierend auf unserer internationalen Erfahrung und aktuellen Trends, eingebracht haben.<\/p>\n<p>Jeder einzelne von uns hat einmal selbst in leitenden Positionen gearbeitet, in operativen oder HR\/Personalentwicklungsrollen: So k\u00f6nnen wir Sitzungen lebendig gestalten, indem wir nachvollziehbare Beispiele aus unserer eigenen Erfahrung teilen, die die Teilnehmer einordnen k\u00f6nnen.<\/p>\n<p>Das dolphinblue-Team setzt sich aus erfahrenen, innovativen und hochqualifizierten Moderatoren und Coaches zusammen, die das Design, Management und die Implementierung von Ver\u00e4nderungs- und kreativen Entwicklungsprozessen in allen Situationen konsequent liefern.<\/p>\n<p>[\/et_pb_text][\/et_pb_column][\/et_pb_row][et_pb_row _builder_version=&#8220;4.16&#8243; _module_preset=&#8220;default&#8220; width=&#8220;100%&#8220; max_width=&#8220;100%&#8220; locked=&#8220;off&#8220; global_colors_info=&#8220;{}&#8220;][et_pb_column type=&#8220;4_4&#8243; _builder_version=&#8220;4.16&#8243; _module_preset=&#8220;default&#8220; global_colors_info=&#8220;{}&#8220;][et_pb_image src=&#8220;https:\/\/dolphinblue.co.uk\/wp-content\/uploads\/2020\/10\/BRX_5943-cropped-by-mn-copy-1270&#215;375-tiny.jpg&#8220; title_text=&#8220;BRX_5943- cropped by mn copy 1270&#215;375 tiny&#8220; align=&#8220;center&#8220; force_fullwidth=&#8220;on&#8220; _builder_version=&#8220;4.16&#8243; _module_preset=&#8220;default&#8220; global_colors_info=&#8220;{}&#8220;][\/et_pb_image][\/et_pb_column][\/et_pb_row][et_pb_row make_equal=&#8220;on&#8220; _builder_version=&#8220;4.16&#8243; _module_preset=&#8220;default&#8220; width=&#8220;75%&#8220; module_alignment=&#8220;center&#8220; custom_margin=&#8220;9px|238px||238px|false|true&#8220; custom_padding=&#8220;0px||0px||false|false&#8220; border_color_top=&#8220;#0C71C3&#8243; border_color_bottom=&#8220;#0C71C3&#8243; locked=&#8220;off&#8220; global_colors_info=&#8220;{}&#8220;][et_pb_column type=&#8220;4_4&#8243; _builder_version=&#8220;4.16&#8243; _module_preset=&#8220;default&#8220; custom_padding=&#8220;15px||15px||false|false&#8220; border_color_all=&#8220;#bed633&#8243; border_color_top=&#8220;#7CDA24&#8243; border_color_bottom=&#8220;#7CDA24&#8243; global_colors_info=&#8220;{}&#8220;][et_pb_text _builder_version=&#8220;4.16&#8243; _module_preset=&#8220;default&#8220; text_font=&#8220;calibri||||||||&#8220; text_font_size=&#8220;20px&#8220; header_font=&#8220;corbel|700|||||||&#8220; header_font_size=&#8220;40px&#8220; custom_padding=&#8220;1px|||||&#8220; global_colors_info=&#8220;{}&#8220;]<\/p>\n<h1>erfahren Sie mehr \u00fcber uns als einzelpersonen<\/h1>\n<p>[\/et_pb_text][\/et_pb_column][\/et_pb_row][et_pb_row column_structure=&#8220;1_4,1_4,1_4,1_4&#8243; make_equal=&#8220;on&#8220; admin_label=&#8220;Team Image and Teaser Top Row&#8220; _builder_version=&#8220;4.16&#8243; _module_preset=&#8220;default&#8220; width=&#8220;75%&#8220; module_alignment=&#8220;center&#8220; custom_margin=&#8220;9px|238px||238px|false|true&#8220; custom_padding=&#8220;0px||0px||false|false&#8220; border_color_top=&#8220;#0C71C3&#8243; border_color_bottom=&#8220;#0C71C3&#8243; locked=&#8220;off&#8220; global_colors_info=&#8220;{}&#8220;][et_pb_column type=&#8220;1_4&#8243; _builder_version=&#8220;4.16&#8243; _module_preset=&#8220;default&#8220; custom_padding=&#8220;15px||15px||false|false&#8220; border_color_all=&#8220;#357fc2&#8243; border_width_top=&#8220;6px&#8220; border_color_top=&#8220;#0C71C3&#8243; border_width_bottom=&#8220;3px&#8220; border_color_bottom=&#8220;#0C71C3&#8243; global_colors_info=&#8220;{}&#8220;][et_pb_image src=&#8220;https:\/\/dolphinblue.co.uk\/wp-content\/uploads\/2020\/10\/mitch-BRX_6342-Edited-BW-square-500&#215;500-1.jpg&#8220; title_text=&#8220;mitch BRX_6342- Edited BW square 500&#215;500&#8243; _builder_version=&#8220;4.16&#8243; _module_preset=&#8220;default&#8220; global_colors_info=&#8220;{}&#8220;][\/et_pb_image][et_pb_blurb title=&#8220;Mitch Smith&#8220; _builder_version=&#8220;4.16&#8243; _module_preset=&#8220;default&#8220; header_level=&#8220;h1&#8243; header_font=&#8220;corbel|700|||||||&#8220; header_font_size=&#8220;20px&#8220; body_font=&#8220;calibri||||||||&#8220; body_font_size=&#8220;15px&#8220; custom_padding=&#8220;1px|||||&#8220; global_colors_info=&#8220;{}&#8220;]<\/p>\n<p>Mitchs gro\u00dfe Leidenschaft ist das Thema Entwicklung: Er ist davon \u00fcberzeugt, dass wir, um wirklich effektivere F\u00e4higkeiten zu entwickeln, wir uns auf den Einfluss konzentrieren m\u00fcssen, den wir haben. Daf\u00fcr m\u00fcssen wir zuerst uns selbst verstehen.<\/p>\n<p><strong><a href=\"https:\/\/dolphinblue.co.uk\/de\/mitch\/\">&gt;&gt; Mehr lesen<\/a><\/strong><\/p>\n<p>&nbsp;<\/p>\n<p>[\/et_pb_blurb][\/et_pb_column][et_pb_column type=&#8220;1_4&#8243; _builder_version=&#8220;4.16&#8243; _module_preset=&#8220;default&#8220; custom_padding=&#8220;15px||15px||false|false&#8220; border_color_all=&#8220;#357fc2&#8243; border_width_top=&#8220;6px&#8220; border_color_top=&#8220;#0C71C3&#8243; border_width_bottom=&#8220;3px&#8220; border_color_bottom=&#8220;#0C71C3&#8243; global_colors_info=&#8220;{}&#8220;][et_pb_image src=&#8220;https:\/\/dolphinblue.co.uk\/wp-content\/uploads\/2020\/10\/ruth-BRX_6390-Edited-BW-square-500&#215;500-1.jpg&#8220; title_text=&#8220;ruth BRX_6390- Edited BW square 500&#215;500&#8243; _builder_version=&#8220;4.16&#8243; _module_preset=&#8220;default&#8220; locked=&#8220;off&#8220; global_colors_info=&#8220;{}&#8220;][\/et_pb_image][et_pb_blurb title=&#8220;Ruth Maier-Hamberger&#8220; _builder_version=&#8220;4.16&#8243; _module_preset=&#8220;default&#8220; header_level=&#8220;h1&#8243; header_font=&#8220;corbel|700|||||||&#8220; header_font_size=&#8220;20px&#8220; body_font=&#8220;calibri||||||||&#8220; body_font_size=&#8220;15px&#8220; custom_padding=&#8220;1px|||||&#8220; locked=&#8220;off&#8220; global_colors_info=&#8220;{}&#8220;]<\/p>\n<p>Mensch und Unternehmen bei der vollen Entfaltung ihres Potenzials zu unterst\u00fctzen ist Ruths Leidenschaft. Sie glaubt daran, dass der Schl\u00fcssel zu Erfolg und Zufriedenheit darin liegt, die eigenen St\u00e4rken zu erkennen und wahrzunehmen.<\/p>\n<p><strong><a href=\"https:\/\/dolphinblue.co.uk\/de\/?page_id=4295\">&gt;&gt; Mehr lesen<\/a><\/strong><\/p>\n<p>&nbsp;<\/p>\n<p>[\/et_pb_blurb][\/et_pb_column][et_pb_column type=&#8220;1_4&#8243; _builder_version=&#8220;4.16&#8243; _module_preset=&#8220;default&#8220; custom_padding=&#8220;15px||15px||false|false&#8220; border_color_all=&#8220;#357fc2&#8243; border_width_top=&#8220;6px&#8220; border_color_top=&#8220;#0C71C3&#8243; border_width_bottom=&#8220;3px&#8220; border_color_bottom=&#8220;#0C71C3&#8243; global_colors_info=&#8220;{}&#8220;][et_pb_image src=&#8220;https:\/\/dolphinblue.co.uk\/wp-content\/uploads\/2020\/10\/mark-BRX_6373-Edited-BW-square-500&#215;500-1.jpg&#8220; title_text=&#8220;mark BRX_6373- Edited BW square 500&#215;500&#8243; _builder_version=&#8220;4.16&#8243; _module_preset=&#8220;default&#8220; locked=&#8220;off&#8220; global_colors_info=&#8220;{}&#8220;][\/et_pb_image][et_pb_blurb title=&#8220;Mark Aspinall&#8220; _builder_version=&#8220;4.16&#8243; _module_preset=&#8220;default&#8220; header_level=&#8220;h1&#8243; header_font=&#8220;corbel|700|||||||&#8220; header_font_size=&#8220;20px&#8220; body_font=&#8220;calibri||||||||&#8220; body_font_size=&#8220;15px&#8220; custom_padding=&#8220;1px|||||&#8220; locked=&#8220;off&#8220; global_colors_info=&#8220;{}&#8220;]<\/p>\n<p>Mark steht f\u00fcr qualitativ hochwertige und wirkungsvolle L\u00f6sungen, die f\u00fcr Kunden auf individueller, Team- und Unternehmensebene einen grundlegenden Unterschied machen. Mark hat 35 Jahre Erfahrung&#8230;<\/p>\n<p><strong><a href=\"https:\/\/dolphinblue.co.uk\/de\/mark\/\">&gt;&gt; Mehr lesen<\/a><\/strong><\/p>\n<p>[\/et_pb_blurb][\/et_pb_column][et_pb_column type=&#8220;1_4&#8243; _builder_version=&#8220;4.16&#8243; _module_preset=&#8220;default&#8220; custom_padding=&#8220;15px||15px||false|false&#8220; border_color_all=&#8220;#357fc2&#8243; border_width_top=&#8220;6px&#8220; border_color_top=&#8220;#0C71C3&#8243; border_width_bottom=&#8220;3px&#8220; border_color_bottom=&#8220;#0C71C3&#8243; global_colors_info=&#8220;{}&#8220;][et_pb_image src=&#8220;https:\/\/dolphinblue.co.uk\/wp-content\/uploads\/2020\/10\/andy-BRX_6354-Edited-BW-square-500&#215;500-1.jpg&#8220; title_text=&#8220;andy BRX_6354- Edited BW square 500&#215;500&#8243; _builder_version=&#8220;4.16&#8243; _module_preset=&#8220;default&#8220; global_colors_info=&#8220;{}&#8220;][\/et_pb_image][et_pb_blurb title=&#8220;Andy Giles&#8220; _builder_version=&#8220;4.16&#8243; _module_preset=&#8220;default&#8220; header_level=&#8220;h1&#8243; header_font=&#8220;corbel|700|||||||&#8220; header_font_size=&#8220;20px&#8220; body_font=&#8220;calibri||||||||&#8220; body_font_size=&#8220;15px&#8220; custom_padding=&#8220;1px|||||&#8220; global_colors_info=&#8220;{}&#8220;]<\/p>\n<p>Andy hat eine Leidenschaft daf\u00fcr, Mitarbeiter auf allen Organisationsebenen zu entwickeln und ihnen zu helfen, ihr Potenzial auszusch\u00f6pfen. Er ist fest davon \u00fcberzeugt, dass Lernen und Entwicklung effektiver sind, wenn sie Spa\u00df machen.<\/p>\n<p><strong><a href=\"https:\/\/dolphinblue.co.uk\/de\/andy\/\">&gt;&gt; Mehr lesen<\/a><\/strong><\/p>\n<p>[\/et_pb_blurb][\/et_pb_column][\/et_pb_row][et_pb_row column_structure=&#8220;1_4,1_4,1_4,1_4&#8243; make_equal=&#8220;on&#8220; admin_label=&#8220;Team Image and Teaser Bottom Row&#8220; _builder_version=&#8220;4.16&#8243; _module_preset=&#8220;default&#8220; width=&#8220;75%&#8220; module_alignment=&#8220;center&#8220; custom_margin=&#8220;9px|238px||238px|false|true&#8220; custom_padding=&#8220;0px||0px||false|false&#8220; border_color_top=&#8220;#0C71C3&#8243; border_color_bottom=&#8220;#0C71C3&#8243; locked=&#8220;off&#8220; global_colors_info=&#8220;{}&#8220;][et_pb_column type=&#8220;1_4&#8243; _builder_version=&#8220;4.16&#8243; _module_preset=&#8220;default&#8220; custom_padding=&#8220;15px||15px||false|false&#8220; border_color_all=&#8220;#357fc2&#8243; border_width_top=&#8220;6px&#8220; border_color_top=&#8220;#0C71C3&#8243; border_width_bottom=&#8220;3px&#8220; border_color_bottom=&#8220;#0C71C3&#8243; global_colors_info=&#8220;{}&#8220;][et_pb_image src=&#8220;https:\/\/dolphinblue.co.uk\/wp-content\/uploads\/2020\/10\/michael-BRX_6398-Edited-BW-square-500&#215;500-1.jpg&#8220; title_text=&#8220;michael BRX_6398- Edited BW square 500&#215;500&#8243; _builder_version=&#8220;4.16&#8243; _module_preset=&#8220;default&#8220; locked=&#8220;off&#8220; global_colors_info=&#8220;{}&#8220;][\/et_pb_image][et_pb_blurb title=&#8220;Michael Couch&#8220; _builder_version=&#8220;4.16&#8243; _module_preset=&#8220;default&#8220; header_level=&#8220;h1&#8243; header_font=&#8220;corbel|700|||||||&#8220; header_font_size=&#8220;20px&#8220; body_font=&#8220;calibri||||||||&#8220; body_font_size=&#8220;15px&#8220; custom_padding=&#8220;1px|||||&#8220; locked=&#8220;off&#8220; global_colors_info=&#8220;{}&#8220;]<\/p>\n<p>Michael widmet sich mit Leidenschaft F\u00fchrungskr\u00e4ften und Teams dabei zu unterst\u00fctzen, ihr volles Potenzial zu entfalten um Ergebnisse zu erzielen, die Freude und Erfolg mit sich bringen. Michael verf\u00fcgt \u00fcber mehr als 20 Jahre internationale<\/p>\n<p><strong><a href=\"https:\/\/dolphinblue.co.uk\/de\/michael\/\">&gt;&gt; Mehr lesen<\/a><\/strong><\/p>\n<p>[\/et_pb_blurb][\/et_pb_column][et_pb_column type=&#8220;1_4&#8243; _builder_version=&#8220;4.16&#8243; _module_preset=&#8220;default&#8220; custom_padding=&#8220;15px||15px||false|false&#8220; border_color_all=&#8220;#357fc2&#8243; border_width_top=&#8220;6px&#8220; border_color_top=&#8220;#0C71C3&#8243; border_width_bottom=&#8220;3px&#8220; border_color_bottom=&#8220;#0C71C3&#8243; global_colors_info=&#8220;{}&#8220;][et_pb_image src=&#8220;https:\/\/dolphinblue.co.uk\/wp-content\/uploads\/2020\/12\/SueBW2-500&#215;500-1.jpg&#8220; title_text=&#8220;SueBW2 500&#215;500&#8243; _builder_version=&#8220;4.16&#8243; _module_preset=&#8220;default&#8220; locked=&#8220;off&#8220; global_colors_info=&#8220;{}&#8220;][\/et_pb_image][et_pb_blurb title=&#8220;Sue Colwill&#8220; _builder_version=&#8220;4.16&#8243; _module_preset=&#8220;default&#8220; header_level=&#8220;h1&#8243; header_font=&#8220;corbel|700|||||||&#8220; header_font_size=&#8220;20px&#8220; body_font=&#8220;calibri||||||||&#8220; body_font_size=&#8220;15px&#8220; custom_padding=&#8220;1px|||||&#8220; locked=&#8220;off&#8220; global_colors_info=&#8220;{}&#8220;]<\/p>\n<p>Sue ist unsere US-Entwicklungskoordinatorin, die unsere amerikanischen Kunden mit logistischer Unterst\u00fctzung f\u00fcr Programmen versorgt, die vom dolphinblue-Team durchgef\u00fchrt werden.<\/p>\n<p><strong><a href=\"https:\/\/dolphinblue.co.uk\/de\/?page_id=4227\">&gt;&gt; Mehr lesen<\/a><\/strong><\/p>\n<p>[\/et_pb_blurb][\/et_pb_column][et_pb_column type=&#8220;1_4&#8243; _builder_version=&#8220;4.16&#8243; _module_preset=&#8220;default&#8220; custom_padding=&#8220;15px||15px||false|false&#8220; border_color_all=&#8220;#357fc2&#8243; border_width_top=&#8220;6px&#8220; border_color_top=&#8220;#0C71C3&#8243; border_width_bottom=&#8220;3px&#8220; border_color_bottom=&#8220;#0C71C3&#8243; global_colors_info=&#8220;{}&#8220;][et_pb_image src=&#8220;https:\/\/dolphinblue.co.uk\/wp-content\/uploads\/2020\/10\/blank.jpg&#8220; title_text=&#8220;blank&#8220; _builder_version=&#8220;4.16&#8243; _module_preset=&#8220;default&#8220; locked=&#8220;off&#8220; global_colors_info=&#8220;{}&#8220;][\/et_pb_image][et_pb_blurb title=&#8220;Sue French&#8220; _builder_version=&#8220;4.16&#8243; _module_preset=&#8220;default&#8220; header_level=&#8220;h1&#8243; header_font=&#8220;corbel|700|||||||&#8220; header_font_size=&#8220;20px&#8220; body_font=&#8220;calibri||||||||&#8220; body_font_size=&#8220;15px&#8220; custom_padding=&#8220;1px|||||&#8220; locked=&#8220;off&#8220; global_colors_info=&#8220;{}&#8220;]<\/p>\n<p>Sue ist die Koordinatorin des dolphinblue Teams und arbeitet flei\u00dfig hinter den Kulissen in der Verwaltung und im Finanzmanagement. Sue unterst\u00fctzt au\u00dferdem unsere Kunden und ist deren zentrale Ansprechpartnerin.<\/p>\n<p><strong><a href=\"https:\/\/dolphinblue.co.uk\/de\/sue\/\">&gt;&gt; Mehr lesen<\/a><\/strong><\/p>\n<p>[\/et_pb_blurb][\/et_pb_column][et_pb_column type=&#8220;1_4&#8243; _builder_version=&#8220;4.16&#8243; _module_preset=&#8220;default&#8220; custom_padding=&#8220;15px||15px||false|false&#8220; border_color_all=&#8220;#357fc2&#8243; border_color_top=&#8220;#0C71C3&#8243; border_color_bottom=&#8220;#0C71C3&#8243; global_colors_info=&#8220;{}&#8220;][\/et_pb_column][\/et_pb_row][\/et_pb_section]<\/p>\n","protected":false},"excerpt":{"rendered":"<p>viel herausforderung und viel unterst\u00fctzungviel herausforderung und viel unterst\u00fctzungunsere erfahrung Wir haben mit einer Vielzahl von Unternehmen aus vielen verschiedenen Branchen auf der ganzen Welt zusammengearbeitet. Die globale Reichweite hat es uns erm\u00f6glicht mit verschiedenen lokalen und regionalen Kulturen zu arbeiten und deren Einfluss auf die Dynamik in Organisationen zu verstehen. Durch unsere Arbeit in [&hellip;]<\/p>\n","protected":false},"author":1,"featured_media":0,"parent":0,"menu_order":0,"comment_status":"closed","ping_status":"closed","template":"","meta":{"_et_pb_use_builder":"on","_et_pb_old_content":"","_et_gb_content_width":"","footnotes":""},"folder":[],"class_list":["post-3931","page","type-page","status-publish","hentry"],"_links":{"self":[{"href":"https:\/\/dolphinblue.co.uk\/de\/wp-json\/wp\/v2\/pages\/3931","targetHints":{"allow":["GET"]}}],"collection":[{"href":"https:\/\/dolphinblue.co.uk\/de\/wp-json\/wp\/v2\/pages"}],"about":[{"href":"https:\/\/dolphinblue.co.uk\/de\/wp-json\/wp\/v2\/types\/page"}],"author":[{"embeddable":true,"href":"https:\/\/dolphinblue.co.uk\/de\/wp-json\/wp\/v2\/users\/1"}],"replies":[{"embeddable":true,"href":"https:\/\/dolphinblue.co.uk\/de\/wp-json\/wp\/v2\/comments?post=3931"}],"version-history":[{"count":30,"href":"https:\/\/dolphinblue.co.uk\/de\/wp-json\/wp\/v2\/pages\/3931\/revisions"}],"predecessor-version":[{"id":5669,"href":"https:\/\/dolphinblue.co.uk\/de\/wp-json\/wp\/v2\/pages\/3931\/revisions\/5669"}],"wp:attachment":[{"href":"https:\/\/dolphinblue.co.uk\/de\/wp-json\/wp\/v2\/media?parent=3931"}],"wp:term":[{"taxonomy":"folder","embeddable":true,"href":"https:\/\/dolphinblue.co.uk\/de\/wp-json\/wp\/v2\/folder?post=3931"}],"curies":[{"name":"wp","href":"https:\/\/api.w.org\/{rel}","templated":true}]}}